{"id":11230,"date":"2021-05-24T17:27:53","date_gmt":"2021-05-24T16:27:53","guid":{"rendered":"https:\/\/novo.habitatsaudavel.com\/ral\/"},"modified":"2024-08-09T17:33:32","modified_gmt":"2024-08-09T16:33:32","slug":"ral","status":"publish","type":"page","link":"https:\/\/habitatsaudavel.com\/en\/ral\/","title":{"rendered":"RAL"},"content":{"rendered":"<h2 style=\"text-align: left;\">RAL<\/h2>\n<p>In the event of a dispute, the consumer can turn to an Alternative Dispute Resolution Body:<br \/>Centro de Informa\u00e7\u00e3o de Consumo e Arbitragem do Porto.<\/p>\n<p>Rua Dami\u00e3o de G\u00f3is, 31 &#8211; Loja Online 6 &#8211; 4050-225 Porto<br \/>Tel.: 225 508 349<br \/>E-mail: cicap@mail.telepac.pt<\/p>\n<p>More information on the Consumer Portal<a href=\"http:\/\/www.consumidor.pt\/\">(www.consumidor.pt)<\/a>.<\/p>\n\n<p><\/p>\n","protected":false},"excerpt":{"rendered":"<p>RAL In the event of a dispute, the consumer can turn to an Alternative Dispute Resolution Body:Centro de Informa\u00e7\u00e3o de Consumo e Arbitragem do Porto. Rua Dami\u00e3o de G\u00f3is, 31 &#8211; Loja Online 6 &#8211; 4050-225 PortoTel.: 225 508 349E-mail: cicap@mail.telepac.pt More information on the Consumer Portal(www.consumidor.pt).<\/p>\n","protected":false},"author":5,"featured_media":0,"parent":0,"menu_order":0,"comment_status":"closed","ping_status":"closed","template":"","meta":{"footnotes":""},"class_list":["post-11230","page","type-page","status-publish","hentry"],"aioseo_notices":[],"_links":{"self":[{"href":"https:\/\/habitatsaudavel.com\/en\/wp-json\/wp\/v2\/pages\/11230","targetHints":{"allow":["GET"]}}],"collection":[{"href":"https:\/\/habitatsaudavel.com\/en\/wp-json\/wp\/v2\/pages"}],"about":[{"href":"https:\/\/habitatsaudavel.com\/en\/wp-json\/wp\/v2\/types\/page"}],"author":[{"embeddable":true,"href":"https:\/\/habitatsaudavel.com\/en\/wp-json\/wp\/v2\/users\/5"}],"replies":[{"embeddable":true,"href":"https:\/\/habitatsaudavel.com\/en\/wp-json\/wp\/v2\/comments?post=11230"}],"version-history":[{"count":0,"href":"https:\/\/habitatsaudavel.com\/en\/wp-json\/wp\/v2\/pages\/11230\/revisions"}],"wp:attachment":[{"href":"https:\/\/habitatsaudavel.com\/en\/wp-json\/wp\/v2\/media?parent=11230"}],"curies":[{"name":"wp","href":"https:\/\/api.w.org\/{rel}","templated":true}]}}